{"id":25,"date":"2017-02-27T18:11:29","date_gmt":"2017-02-27T17:11:29","guid":{"rendered":"https:\/\/life-peat-restore.eu\/ee\/?page_id=25"},"modified":"2017-07-04T12:10:26","modified_gmt":"2017-07-04T10:10:26","slug":"lahtiuetlemine","status":"publish","type":"page","link":"https:\/\/life-peat-restore.eu\/ee\/lahtiuetlemine\/","title":{"rendered":"Kasutamise tingimused"},"content":{"rendered":"<p>Sellel veebilehel on lingid teistele veebilehtedele, mille sisu me ei\u00a0 muuda. Seet\u00f5ttu me ei vastuta nende kolmandate veebilehtede sisu eest.\u00a0 Iga veebilehe operaator on ise vastutav oma lehek\u00fclje eest. \u00a0Lingitud lehek\u00fcljed on kontrollitud v\u00f5imalike seaduserikkumiste eest linkide tekitamise ajal. Kui link on tehtud, ei ole illegaalne sisu olnud lingi tekitamise ajal \u00e4ratuntav.<\/p>\n<p>Konkreetse rikkumise tunnuste puudumisel ei tehta pidevat kontrolli lingitud lehek\u00fclgede sisu \u00fcle. Kui me avastame \u00fcksk\u00f5ik millise seaduserikkumise, me eemaldame otsekohe vastava lingi.<\/p>\n","protected":false},"excerpt":{"rendered":"<p>Sellel veebilehel on lingid teistele veebilehtedele, mille sisu me ei\u00a0 muuda. Seet\u00f5ttu me ei vastuta nende kolmandate veebilehtede sisu eest.\u00a0 Iga veebilehe operaator on ise vastutav oma lehek\u00fclje eest. \u00a0Lingitud lehek\u00fcljed on kontrollitud v\u00f5imalike seaduserikkumiste eest linkide tekitamise ajal. Kui link on tehtud, ei ole illegaalne sisu olnud lingi tekitamise ajal \u00e4ratuntav. Konkreetse rikkumise tunnuste  &hellip; <a class=\"btn btn-primary\" rel=\"nofollow\" href=\"https:\/\/life-peat-restore.eu\/ee\/lahtiuetlemine\/\">loe veel<\/a><\/p>\n","protected":false},"author":1,"featured_media":1158,"parent":0,"menu_order":0,"comment_status":"closed","ping_status":"closed","template":"","meta":[],"yoast_head":"<!-- This site is optimized with the Yoast SEO plugin v15.5 - https:\/\/yoast.com\/wordpress\/plugins\/seo\/ -->\n<title>Kasutamise tingimused - LIFE Peat Restore<\/title>\n<meta name=\"robots\" content=\"index, follow, max-snippet:-1, max-image-preview:large, max-video-preview:-1\" \/>\n<link rel=\"canonical\" href=\"https:\/\/life-peat-restore.eu\/ee\/lahtiuetlemine\/\" \/>\n<meta property=\"og:locale\" content=\"et_EE\" \/>\n<meta property=\"og:type\" content=\"article\" \/>\n<meta property=\"og:title\" content=\"Kasutamise tingimused - LIFE Peat Restore\" \/>\n<meta property=\"og:description\" content=\"Sellel veebilehel on lingid teistele veebilehtedele, mille sisu me ei\u00a0 muuda. Seet\u00f5ttu me ei vastuta nende kolmandate veebilehtede sisu eest.\u00a0 Iga veebilehe operaator on ise vastutav oma lehek\u00fclje eest. \u00a0Lingitud lehek\u00fcljed on kontrollitud v\u00f5imalike seaduserikkumiste eest linkide tekitamise ajal. Kui link on tehtud, ei ole illegaalne sisu olnud lingi tekitamise ajal \u00e4ratuntav. Konkreetse rikkumise tunnuste &hellip; loe veel\" \/>\n<meta property=\"og:url\" content=\"https:\/\/life-peat-restore.eu\/ee\/lahtiuetlemine\/\" \/>\n<meta property=\"og:site_name\" content=\"LIFE Peat Restore\" \/>\n<meta property=\"article:modified_time\" content=\"2017-07-04T10:10:26+00:00\" \/>\n<meta property=\"og:image\" content=\"https:\/\/life-peat-restore.eu\/ee\/wp-content\/uploads\/sites\/8\/2017\/02\/imgp9371-head.jpg\" \/>\n\t<meta property=\"og:image:width\" content=\"1920\" \/>\n\t<meta property=\"og:image:height\" content=\"998\" \/>\n<meta name=\"twitter:card\" content=\"summary\" \/>\n<meta name=\"twitter:label1\" content=\"Est. reading time\">\n\t<meta name=\"twitter:data1\" content=\"0 minutit\">\n<script type=\"application\/ld+json\" class=\"yoast-schema-graph\">{\"@context\":\"https:\/\/schema.org\",\"@graph\":[{\"@type\":\"WebSite\",\"@id\":\"https:\/\/life-peat-restore.eu\/ee\/#website\",\"url\":\"https:\/\/life-peat-restore.eu\/ee\/\",\"name\":\"LIFE Peat Restore\",\"description\":\"Kliimamuutuste leevendamine rikutud turbaalade taastamise teel\",\"potentialAction\":[{\"@type\":\"SearchAction\",\"target\":\"https:\/\/life-peat-restore.eu\/ee\/?s={search_term_string}\",\"query-input\":\"required name=search_term_string\"}],\"inLanguage\":\"et\"},{\"@type\":\"ImageObject\",\"@id\":\"https:\/\/life-peat-restore.eu\/ee\/lahtiuetlemine\/#primaryimage\",\"inLanguage\":\"et\",\"url\":\"https:\/\/life-peat-restore.eu\/ee\/wp-content\/uploads\/sites\/8\/2017\/02\/imgp9371-head.jpg\",\"width\":1920,\"height\":998},{\"@type\":\"WebPage\",\"@id\":\"https:\/\/life-peat-restore.eu\/ee\/lahtiuetlemine\/#webpage\",\"url\":\"https:\/\/life-peat-restore.eu\/ee\/lahtiuetlemine\/\",\"name\":\"Kasutamise tingimused - LIFE Peat Restore\",\"isPartOf\":{\"@id\":\"https:\/\/life-peat-restore.eu\/ee\/#website\"},\"primaryImageOfPage\":{\"@id\":\"https:\/\/life-peat-restore.eu\/ee\/lahtiuetlemine\/#primaryimage\"},\"datePublished\":\"2017-02-27T17:11:29+00:00\",\"dateModified\":\"2017-07-04T10:10:26+00:00\",\"breadcrumb\":{\"@id\":\"https:\/\/life-peat-restore.eu\/ee\/lahtiuetlemine\/#breadcrumb\"},\"inLanguage\":\"et\",\"potentialAction\":[{\"@type\":\"ReadAction\",\"target\":[\"https:\/\/life-peat-restore.eu\/ee\/lahtiuetlemine\/\"]}]},{\"@type\":\"BreadcrumbList\",\"@id\":\"https:\/\/life-peat-restore.eu\/ee\/lahtiuetlemine\/#breadcrumb\",\"itemListElement\":[{\"@type\":\"ListItem\",\"position\":1,\"item\":{\"@type\":\"WebPage\",\"@id\":\"https:\/\/life-peat-restore.eu\/ee\/\",\"url\":\"https:\/\/life-peat-restore.eu\/ee\/\",\"name\":\"Home\"}},{\"@type\":\"ListItem\",\"position\":2,\"item\":{\"@type\":\"WebPage\",\"@id\":\"https:\/\/life-peat-restore.eu\/ee\/lahtiuetlemine\/\",\"url\":\"https:\/\/life-peat-restore.eu\/ee\/lahtiuetlemine\/\",\"name\":\"Kasutamise tingimused\"}}]}]}<\/script>\n<!-- \/ Yoast SEO plugin. -->","_links":{"self":[{"href":"https:\/\/life-peat-restore.eu\/ee\/wp-json\/wp\/v2\/pages\/25"}],"collection":[{"href":"https:\/\/life-peat-restore.eu\/ee\/wp-json\/wp\/v2\/pages"}],"about":[{"href":"https:\/\/life-peat-restore.eu\/ee\/wp-json\/wp\/v2\/types\/page"}],"author":[{"embeddable":true,"href":"https:\/\/life-peat-restore.eu\/ee\/wp-json\/wp\/v2\/users\/1"}],"replies":[{"embeddable":true,"href":"https:\/\/life-peat-restore.eu\/ee\/wp-json\/wp\/v2\/comments?post=25"}],"version-history":[{"count":9,"href":"https:\/\/life-peat-restore.eu\/ee\/wp-json\/wp\/v2\/pages\/25\/revisions"}],"predecessor-version":[{"id":1316,"href":"https:\/\/life-peat-restore.eu\/ee\/wp-json\/wp\/v2\/pages\/25\/revisions\/1316"}],"wp:featuredmedia":[{"embeddable":true,"href":"https:\/\/life-peat-restore.eu\/ee\/wp-json\/wp\/v2\/media\/1158"}],"wp:attachment":[{"href":"https:\/\/life-peat-restore.eu\/ee\/wp-json\/wp\/v2\/media?parent=25"}],"curies":[{"name":"wp","href":"https:\/\/api.w.org\/{rel}","templated":true}]}}